{"id":3327,"date":"2018-01-25T17:57:07","date_gmt":"2018-01-25T16:57:07","guid":{"rendered":"https:\/\/www.groupesge.fr\/?page_id=3327"},"modified":"2023-12-22T11:55:26","modified_gmt":"2023-12-22T10:55:26","slug":"mentions-legales","status":"publish","type":"page","link":"https:\/\/www.groupesge.fr\/pro\/mentions-legales\/","title":{"rendered":"Mentions l\u00e9gales"},"content":{"rendered":"<div id=\"ez-toc-container\" class=\"ez-toc-v2_0_82_2 counter-hierarchy ez-toc-counter ez-toc-grey ez-toc-container-direction\">\n<div class=\"ez-toc-title-container\">\n<p class=\"ez-toc-title\" style=\"cursor:inherit\">Sommaire<\/p>\n<span class=\"ez-toc-title-toggle\"><a href=\"#\" class=\"ez-toc-pull-right ez-toc-btn ez-toc-btn-xs ez-toc-btn-default ez-toc-toggle\" aria-label=\"Toggle Table of Content\"><span class=\"ez-toc-js-icon-con\"><span class=\"\"><span class=\"eztoc-hide\" style=\"display:none;\">Toggle<\/span><span class=\"ez-toc-icon-toggle-span\"><svg style=\"fill: #999;color:#999\" xmlns=\"http:\/\/www.w3.org\/2000\/svg\" class=\"list-377408\" width=\"20px\" height=\"20px\" viewBox=\"0 0 24 24\" fill=\"none\"><path d=\"M6 6H4v2h2V6zm14 0H8v2h12V6zM4 11h2v2H4v-2zm16 0H8v2h12v-2zM4 16h2v2H4v-2zm16 0H8v2h12v-2z\" fill=\"currentColor\"><\/path><\/svg><svg style=\"fill: #999;color:#999\" class=\"arrow-unsorted-368013\" xmlns=\"http:\/\/www.w3.org\/2000\/svg\" width=\"10px\" height=\"10px\" viewBox=\"0 0 24 24\" version=\"1.2\" baseProfile=\"tiny\"><path d=\"M18.2 9.3l-6.2-6.3-6.2 6.3c-.2.2-.3.4-.3.7s.1.5.3.7c.2.2.4.3.7.3h11c.3 0 .5-.1.7-.3.2-.2.3-.5.3-.7s-.1-.5-.3-.7zM5.8 14.7l6.2 6.3 6.2-6.3c.2-.2.3-.5.3-.7s-.1-.5-.3-.7c-.2-.2-.4-.3-.7-.3h-11c-.3 0-.5.1-.7.3-.2.2-.3.5-.3.7s.1.5.3.7z\"\/><\/svg><\/span><\/span><\/span><\/a><\/span><\/div>\n<nav><ul class='ez-toc-list ez-toc-list-level-1 ' ><li class='ez-toc-page-1 ez-toc-heading-level-2'><a class=\"ez-toc-link ez-toc-heading-1\" href=\"https:\/\/www.groupesge.fr\/pro\/mentions-legales\/#Informations_legales\" >Informations l\u00e9gales<\/a><\/li><li class='ez-toc-page-1 ez-toc-heading-level-2'><a class=\"ez-toc-link ez-toc-heading-2\" href=\"https:\/\/www.groupesge.fr\/pro\/mentions-legales\/#Conditions_generales_dutilisation\" >Conditions g\u00e9n\u00e9rales d\u2019utilisation<\/a><\/li><li class='ez-toc-page-1 ez-toc-heading-level-2'><a class=\"ez-toc-link ez-toc-heading-3\" href=\"https:\/\/www.groupesge.fr\/pro\/mentions-legales\/#Les_produits_ou_services_proposes\" >Les produits ou services propos\u00e9s<\/a><\/li><li class='ez-toc-page-1 ez-toc-heading-level-2'><a class=\"ez-toc-link ez-toc-heading-4\" href=\"https:\/\/www.groupesge.fr\/pro\/mentions-legales\/#Limitations_contractuelles\" >Limitations contractuelles<\/a><\/li><li class='ez-toc-page-1 ez-toc-heading-level-2'><a class=\"ez-toc-link ez-toc-heading-5\" href=\"https:\/\/www.groupesge.fr\/pro\/mentions-legales\/#Propriete_intellectuelle_et_contenu_du_site_Internet\" >Propri\u00e9t\u00e9 intellectuelle et contenu du site Internet<\/a><\/li><li class='ez-toc-page-1 ez-toc-heading-level-2'><a class=\"ez-toc-link ez-toc-heading-6\" href=\"https:\/\/www.groupesge.fr\/pro\/mentions-legales\/#Donnees_personnelles_respect_de_votre_vie_privee\" >Donn\u00e9es personnelles, respect de votre vie priv\u00e9e<\/a><\/li><li class='ez-toc-page-1 ez-toc-heading-level-2'><a class=\"ez-toc-link ez-toc-heading-7\" href=\"https:\/\/www.groupesge.fr\/pro\/mentions-legales\/#Droit_applicable_et_lois_concernees\" >Droit applicable et lois concern\u00e9es<\/a><\/li><\/ul><\/nav><\/div>\n<h2 style=\"text-align: justify;\"><span class=\"ez-toc-section\" id=\"Informations_legales\"><\/span>Informations l\u00e9gales<span class=\"ez-toc-section-end\"><\/span><\/h2>\n<p>Conform\u00e9ment aux dispositions des articles 6-III et 19 de la Loi n\u00b0 2004-575 du 21 juin 2004 pour la Confiance dans l&rsquo;\u00e9conomie num\u00e9rique, dite L.C.E.N., nous portons \u00e0 la connaissance des utilisateurs et visiteurs du site les informations suivantes :<\/p>\n<p>Soci\u00e9t\u00e9 :<strong> SAS SGE Participation<\/strong><br \/>\nAdresse : <strong>10 avenue de l&rsquo;\u00c9glise Romane, 33370 ARTIGUES-PR\u00c8S-BORDEAUX<\/strong><br \/>\nT\u00e9l. : <strong>05 56 32 08 70<\/strong><br \/>\nAu capital de :<strong> 5 470 393 \u20ac<\/strong><br \/>\nSIRET :<strong> 51773619500028 <\/strong> &#8211; R.C.S. :<strong> Bordeaux B 517 736 195<\/strong><br \/>\nNum\u00e9ro de TVA intracommunautaire : <strong>FR74 517736195<\/strong><br \/>\nAdresse de courrier \u00e9lectronique : <b><a href=\"mailto:Groupe%20SGE%3Caccueil@groupesge.fr%3E?subject=Contact%20depuis%20le%20site\">accueil@groupesge.fr<\/a><\/b><br \/>\nLe responsable de la publication, <strong>Jean-Paul D&rsquo;INCAU<\/strong> est une <strong>personne morale<\/strong>.<br \/>\nContactez le responsable de la publication : <b><a href=\"mailto:Groupe%20SGE%3Caccueil@groupesge.fr%3E?subject=Contact%20depuis%20le%20site\">accueil@groupesge.fr<\/a><\/b><b><\/b><\/p>\n<p>D\u00e9veloppement du site est : <strong><a href=\"http:\/\/agence-dewey.fr\">Agence Dewey<\/a><br \/>\n<\/strong>Le webmaster est : <a href=\"http:\/\/agence-dewey.fr\"><strong>Agence Dewey<\/strong><\/a><br \/>\nContactez le webmaster : <a title=\"Contacter IDEALCOMM\" href=\"mailto:contact@agence-dewey.fr\" target=\"_blank\" rel=\"noopener noreferrer\"><strong>contact@agence-dewey.fr<\/strong><\/a><\/p>\n<p>L\u2019h\u00e9bergeur du site est : <strong>OVH, 2 rue Kellermann, 59100 ROUBAIX<br \/>\n<\/strong>T\u00e9l. : <strong>08 20 69 87 65<\/strong><\/p>\n<p>\u00c9ventuellement modifiables, nous vous invitons donc \u00e0 consulter nos mentions l\u00e9gales le plus souvent possible, de mani\u00e8re \u00e0 en prendre connaissance fr\u00e9quemment.<\/p>\n<h2><span class=\"ez-toc-section\" id=\"Conditions_generales_dutilisation\"><\/span>Conditions g\u00e9n\u00e9rales d\u2019utilisation<span class=\"ez-toc-section-end\"><\/span><\/h2>\n<p>En utilisant notre site web www.groupesge.fr, vous acceptez pleinement et enti\u00e8rement les conditions g\u00e9n\u00e9rales d&rsquo;utilisation pr\u00e9cis\u00e9es dans nos mentions l\u00e9gales. Accessible \u00e0 tout type de visiteurs, il est important de pr\u00e9ciser toutefois qu&rsquo;une interruption pour maintenance du site web peut-\u00eatre d\u00e9cid\u00e9e par le Groupe SGE. Les dates et heures d&rsquo;interruptions seront n\u00e9anmoins pr\u00e9cis\u00e9es \u00e0 l&rsquo;avance aux utilisateurs.<\/p>\n<h2><span class=\"ez-toc-section\" id=\"Les_produits_ou_services_proposes\"><\/span>Les produits ou services propos\u00e9s<span class=\"ez-toc-section-end\"><\/span><\/h2>\n<p>En accord avec sa politique de communication, le site www.groupesge.fr a pour vocation d&rsquo;informer les utilisateurs sur les services propos\u00e9s par le Groupe SGE, qui s&rsquo;efforce alors de fournir des informations pr\u00e9cises sur son activit\u00e9. Cependant, des inexactitudes ou des omissions peuvent exister : la soci\u00e9t\u00e9 ne pourra en aucun cas \u00eatre tenue pour responsable pour toute erreur pr\u00e9sente sur le site www.groupesge.fr.<\/p>\n<h2><span class=\"ez-toc-section\" id=\"Limitations_contractuelles\"><\/span>Limitations contractuelles<span class=\"ez-toc-section-end\"><\/span><\/h2>\n<p>Les informations retranscrites sur notre site web www.groupesge.fr font l\u2019objet de d\u00e9marches qualitatives, en vue de nous assurer de leur fiabilit\u00e9. Cependant, nous ne pourrons encourir de responsabilit\u00e9s en cas d\u2019inexactitudes techniques lors de nos explications.Si vous constatez une erreur concernant des informations que nous auront pu omettre, n\u2019h\u00e9sitez pas \u00e0 nous le signaler par mail \u00e0 jp.dincau@groupesge.fr. Les liens reli\u00e9s directement ou indirectement \u00e0 notre site web www.groupesge.fr ne sont pas sous le contr\u00f4le de notre soci\u00e9t\u00e9. Par cons\u00e9quent, nous ne pouvons nous assurer de l\u2019exactitude des informations pr\u00e9sentes sur ces autres sites Internet.<br \/>\nUtilisant la technologie JavaScript, le site www.groupesge.fr ne pourra \u00eatre tenu pour responsable en cas de dommages mat\u00e9riels li\u00e9s \u00e0 son utilisation. Par ailleurs, toute autre type de cons\u00e9quence li\u00e9e \u00e0 l&rsquo;exploitation du site www.groupesge.fr, qu&rsquo;elle soit direct ou indirect (bug, incompatibilit\u00e9, virus, perte de march\u00e9, etc.).<\/p>\n<h2><span class=\"ez-toc-section\" id=\"Propriete_intellectuelle_et_contenu_du_site_Internet\"><\/span>Propri\u00e9t\u00e9 intellectuelle et contenu du site Internet<strong><br \/>\n<\/strong><span class=\"ez-toc-section-end\"><\/span><\/h2>\n<p>Le contenu r\u00e9dactionnel du site web www.groupesge.fr appartient exclusivement \u00e0 le Groupe SGE. Toute violation des droits d\u2019auteur est sanctionn\u00e9e par l\u2019article L.335-2 du Code de la Propri\u00e9t\u00e9 Intellectuelle, avec une peine encourue de 2 ans d\u2019emprisonnement et de 150 000 \u20ac d\u2019amende.<br \/>\nLe site www.groupesge.fr ne pourra \u00eatre mis en cause en cas de propos injurieux, \u00e0 caract\u00e8re raciste, diffamant ou pornographique, \u00e9chang\u00e9s sur les espaces interactifs. La soci\u00e9t\u00e9 se r\u00e9serve \u00e9galement le droit de supprimer tout contenu contraire aux valeurs de l&rsquo;entreprise ou \u00e0 la l\u00e9gislation applicable en France.<br \/>\nEn naviguant sur le site www.groupesge.fr, l&rsquo;utilisateur accepte \u00e9galement l&rsquo;installation de cookies \u00e9ventuelle sur son ordinateur.<\/p>\n<h2><span class=\"ez-toc-section\" id=\"Donnees_personnelles_respect_de_votre_vie_privee\"><\/span>Donn\u00e9es personnelles, respect de votre vie priv\u00e9e<span class=\"ez-toc-section-end\"><\/span><\/h2>\n<p>Toute informations recueillie sur le site web www.groupesge.fr se font dans le cadre des besoins li\u00e9s \u00e0 l&rsquo;utilisation de notre plateforme, tels que le formulaire de commande ou la demande d&rsquo;inscription \u00e0 la Newsletter. Par ailleurs, le d\u00e9sabonnement de la Newsletter se fait gr\u00e2ce au lien situ\u00e9 en pied de page. Le Groupe SGE s&rsquo;engage \u00e0 ne c\u00e9der en aucun cas les informations concernant les utilisateurs du site Internet, de quelque fa\u00e7on qu&rsquo;il soit (vente, \u00e9change, pr\u00eat, location, don). Conform\u00e9ment \u00e0 la loi \u00ab informatique et libert\u00e9s \u00bb du 6 janvier 1978 modifi\u00e9e en 2004, l\u2019utilisateur b\u00e9n\u00e9ficie d\u2019un droit d\u2019acc\u00e8s et de rectification aux informations le concernant, droit qu\u2019il peut exercer \u00e0 tout moment en adressant un mail \u00e0 l\u2019adresse <strong>frederic@idealcomm.fr<\/strong>, ou en effectuant sa demande par courrier, \u00e0 l\u2019adresse suivante : 10 avenue de l&rsquo;\u00c9glise Romane, 33370 Artigues-pr\u00e8s-Bordeaux.<\/p>\n<h2><span class=\"ez-toc-section\" id=\"Droit_applicable_et_lois_concernees\"><\/span>Droit applicable et lois concern\u00e9es<span class=\"ez-toc-section-end\"><\/span><\/h2>\n<p>Soumis au droit fran\u00e7ais, le site web www.groupesge.fr est encadr\u00e9 par la loi n\u00b0 2004-2005 du 21 juin 2004 pour la confiance dans l&rsquo;\u00e9conomie num\u00e9rique, l\u2019article L.335-2 du Code de la Propri\u00e9t\u00e9 Intellectuelle et la loi \u00ab informatique et libert\u00e9s \u00bb du 6 janvier 1978 modifi\u00e9e en 2004.<\/p>\n","protected":false},"excerpt":{"rendered":"<p>Informations l\u00e9gales Conform\u00e9ment aux dispositions des articles 6-III et 19 de la Loi n\u00b0 2004-575 du 21 juin 2004 pour la Confiance dans l&rsquo;\u00e9conomie num\u00e9rique, dite L.C.E.N., nous portons \u00e0 la connaissance des utilisateurs et visiteurs du site les informations suivantes : Soci\u00e9t\u00e9 : SAS SGE Participation Adresse : 10 avenue de l&rsquo;\u00c9glise Romane, 33370 [&hellip;]<\/p>\n","protected":false},"author":1,"featured_media":5503,"parent":0,"menu_order":999,"comment_status":"closed","ping_status":"closed","template":"template-blank.php","meta":{"_acf_changed":false,"inline_featured_image":false,"footnotes":""},"class_list":["post-3327","page","type-page","status-publish","has-post-thumbnail","hentry"],"acf":[],"yoast_head":"<!-- This site is optimized with the Yoast SEO plugin v27.3 - https:\/\/yoast.com\/product\/yoast-seo-wordpress\/ -->\n<title>Mentions l\u00e9gales - SGE PROS<\/title>\n<meta name=\"description\" content=\"D\u00e9couvrez nos mentions l\u00e9gales : Transparence, respect des donn\u00e9es, et s\u00e9curit\u00e9 garanties.\" \/>\n<meta name=\"robots\" content=\"index, follow, max-snippet:-1, max-image-preview:large, max-video-preview:-1\" \/>\n<link rel=\"canonical\" href=\"https:\/\/www.groupesge.fr\/pro\/mentions-legales\/\" \/>\n<meta property=\"og:locale\" content=\"fr_FR\" \/>\n<meta property=\"og:type\" content=\"article\" \/>\n<meta property=\"og:title\" content=\"Mentions l\u00e9gales - SGE PROS\" \/>\n<meta property=\"og:description\" content=\"D\u00e9couvrez nos mentions l\u00e9gales : Transparence, respect des donn\u00e9es, et s\u00e9curit\u00e9 garanties.\" \/>\n<meta property=\"og:url\" content=\"https:\/\/www.groupesge.fr\/pro\/mentions-legales\/\" \/>\n<meta property=\"og:site_name\" content=\"SGE PROS\" \/>\n<meta property=\"article:publisher\" content=\"https:\/\/www.facebook.com\/groupesge\" \/>\n<meta property=\"article:modified_time\" content=\"2023-12-22T10:55:26+00:00\" \/>\n<meta property=\"og:image\" content=\"https:\/\/cddzmgvsoa.cloudimg.io\/www.groupesge.fr\/pro\/wp-content\/uploads\/sites\/4\/2022\/06\/Slider-agences.jpg\" \/>\n\t<meta property=\"og:image:width\" content=\"1920\" \/>\n\t<meta property=\"og:image:height\" content=\"666\" \/>\n\t<meta property=\"og:image:type\" content=\"image\/jpeg\" \/>\n<meta name=\"twitter:card\" content=\"summary_large_image\" \/>\n<meta name=\"twitter:label1\" content=\"Dur\u00e9e de lecture estim\u00e9e\" \/>\n\t<meta name=\"twitter:data1\" content=\"4 minutes\" \/>\n<script type=\"application\/ld+json\" class=\"yoast-schema-graph\">{\"@context\":\"https:\\\/\\\/schema.org\",\"@graph\":[{\"@type\":\"WebPage\",\"@id\":\"https:\\\/\\\/www.groupesge.fr\\\/pro\\\/mentions-legales\\\/\",\"url\":\"https:\\\/\\\/www.groupesge.fr\\\/pro\\\/mentions-legales\\\/\",\"name\":\"Mentions l\u00e9gales - SGE PROS\",\"isPartOf\":{\"@id\":\"https:\\\/\\\/www.groupesge.fr\\\/pro\\\/#website\"},\"primaryImageOfPage\":{\"@id\":\"https:\\\/\\\/www.groupesge.fr\\\/pro\\\/mentions-legales\\\/#primaryimage\"},\"image\":{\"@id\":\"https:\\\/\\\/www.groupesge.fr\\\/pro\\\/mentions-legales\\\/#primaryimage\"},\"thumbnailUrl\":\"https:\\\/\\\/www.groupesge.fr\\\/pro\\\/wp-content\\\/uploads\\\/sites\\\/4\\\/2022\\\/06\\\/Slider-agences.jpg\",\"datePublished\":\"2018-01-25T16:57:07+00:00\",\"dateModified\":\"2023-12-22T10:55:26+00:00\",\"description\":\"D\u00e9couvrez nos mentions l\u00e9gales : Transparence, respect des donn\u00e9es, et s\u00e9curit\u00e9 garanties.\",\"breadcrumb\":{\"@id\":\"https:\\\/\\\/www.groupesge.fr\\\/pro\\\/mentions-legales\\\/#breadcrumb\"},\"inLanguage\":\"fr-FR\",\"potentialAction\":[{\"@type\":\"ReadAction\",\"target\":[\"https:\\\/\\\/www.groupesge.fr\\\/pro\\\/mentions-legales\\\/\"]}]},{\"@type\":\"ImageObject\",\"inLanguage\":\"fr-FR\",\"@id\":\"https:\\\/\\\/www.groupesge.fr\\\/pro\\\/mentions-legales\\\/#primaryimage\",\"url\":\"https:\\\/\\\/www.groupesge.fr\\\/pro\\\/wp-content\\\/uploads\\\/sites\\\/4\\\/2022\\\/06\\\/Slider-agences.jpg\",\"contentUrl\":\"https:\\\/\\\/www.groupesge.fr\\\/pro\\\/wp-content\\\/uploads\\\/sites\\\/4\\\/2022\\\/06\\\/Slider-agences.jpg\",\"width\":1920,\"height\":666,\"caption\":\"photo des agences immobili\u00e8res du groupe SGE\"},{\"@type\":\"BreadcrumbList\",\"@id\":\"https:\\\/\\\/www.groupesge.fr\\\/pro\\\/mentions-legales\\\/#breadcrumb\",\"itemListElement\":[{\"@type\":\"ListItem\",\"position\":1,\"name\":\"Accueil\",\"item\":\"https:\\\/\\\/www.groupesge.fr\\\/pro\\\/\"},{\"@type\":\"ListItem\",\"position\":2,\"name\":\"Mentions l\u00e9gales\"}]},{\"@type\":\"WebSite\",\"@id\":\"https:\\\/\\\/www.groupesge.fr\\\/pro\\\/#website\",\"url\":\"https:\\\/\\\/www.groupesge.fr\\\/pro\\\/\",\"name\":\"Groupe SGE PROS\",\"description\":\"Trouvez un bien qui vous ressemble\",\"publisher\":{\"@id\":\"https:\\\/\\\/www.groupesge.fr\\\/pro\\\/#organization\"},\"alternateName\":\"SGE PROS\",\"potentialAction\":[{\"@type\":\"SearchAction\",\"target\":{\"@type\":\"EntryPoint\",\"urlTemplate\":\"https:\\\/\\\/www.groupesge.fr\\\/pro\\\/?s={search_term_string}\"},\"query-input\":{\"@type\":\"PropertyValueSpecification\",\"valueRequired\":true,\"valueName\":\"search_term_string\"}}],\"inLanguage\":\"fr-FR\"},{\"@type\":\"Organization\",\"@id\":\"https:\\\/\\\/www.groupesge.fr\\\/pro\\\/#organization\",\"name\":\"Groupe SGE PROS\",\"alternateName\":\"SGE PROS\",\"url\":\"https:\\\/\\\/www.groupesge.fr\\\/pro\\\/\",\"logo\":{\"@type\":\"ImageObject\",\"inLanguage\":\"fr-FR\",\"@id\":\"https:\\\/\\\/www.groupesge.fr\\\/pro\\\/#\\\/schema\\\/logo\\\/image\\\/\",\"url\":\"https:\\\/\\\/cddzmgvsoa.cloudimg.io\\\/www.groupesge.fr\\\/pro\\\/wp-content\\\/uploads\\\/sites\\\/4\\\/2023\\\/09\\\/Logo-SGE.svg\",\"contentUrl\":\"https:\\\/\\\/cddzmgvsoa.cloudimg.io\\\/www.groupesge.fr\\\/pro\\\/wp-content\\\/uploads\\\/sites\\\/4\\\/2023\\\/09\\\/Logo-SGE.svg\",\"width\":180,\"height\":91,\"caption\":\"Groupe SGE PROS\"},\"image\":{\"@id\":\"https:\\\/\\\/www.groupesge.fr\\\/pro\\\/#\\\/schema\\\/logo\\\/image\\\/\"},\"sameAs\":[\"https:\\\/\\\/www.facebook.com\\\/groupesge\",\"https:\\\/\\\/www.instagram.com\\\/groupesge\\\/\"]}]}<\/script>\n<!-- \/ Yoast SEO plugin. -->","yoast_head_json":{"title":"Mentions l\u00e9gales - SGE PROS","description":"D\u00e9couvrez nos mentions l\u00e9gales : Transparence, respect des donn\u00e9es, et s\u00e9curit\u00e9 garanties.","robots":{"index":"index","follow":"follow","max-snippet":"max-snippet:-1","max-image-preview":"max-image-preview:large","max-video-preview":"max-video-preview:-1"},"canonical":"https:\/\/www.groupesge.fr\/pro\/mentions-legales\/","og_locale":"fr_FR","og_type":"article","og_title":"Mentions l\u00e9gales - SGE PROS","og_description":"D\u00e9couvrez nos mentions l\u00e9gales : Transparence, respect des donn\u00e9es, et s\u00e9curit\u00e9 garanties.","og_url":"https:\/\/www.groupesge.fr\/pro\/mentions-legales\/","og_site_name":"SGE PROS","article_publisher":"https:\/\/www.facebook.com\/groupesge","article_modified_time":"2023-12-22T10:55:26+00:00","og_image":[{"width":1920,"height":666,"url":"https:\/\/cddzmgvsoa.cloudimg.io\/www.groupesge.fr\/pro\/wp-content\/uploads\/sites\/4\/2022\/06\/Slider-agences.jpg","type":"image\/jpeg"}],"twitter_card":"summary_large_image","twitter_misc":{"Dur\u00e9e de lecture estim\u00e9e":"4 minutes"},"schema":{"@context":"https:\/\/schema.org","@graph":[{"@type":"WebPage","@id":"https:\/\/www.groupesge.fr\/pro\/mentions-legales\/","url":"https:\/\/www.groupesge.fr\/pro\/mentions-legales\/","name":"Mentions l\u00e9gales - SGE PROS","isPartOf":{"@id":"https:\/\/www.groupesge.fr\/pro\/#website"},"primaryImageOfPage":{"@id":"https:\/\/www.groupesge.fr\/pro\/mentions-legales\/#primaryimage"},"image":{"@id":"https:\/\/www.groupesge.fr\/pro\/mentions-legales\/#primaryimage"},"thumbnailUrl":"https:\/\/www.groupesge.fr\/pro\/wp-content\/uploads\/sites\/4\/2022\/06\/Slider-agences.jpg","datePublished":"2018-01-25T16:57:07+00:00","dateModified":"2023-12-22T10:55:26+00:00","description":"D\u00e9couvrez nos mentions l\u00e9gales : Transparence, respect des donn\u00e9es, et s\u00e9curit\u00e9 garanties.","breadcrumb":{"@id":"https:\/\/www.groupesge.fr\/pro\/mentions-legales\/#breadcrumb"},"inLanguage":"fr-FR","potentialAction":[{"@type":"ReadAction","target":["https:\/\/www.groupesge.fr\/pro\/mentions-legales\/"]}]},{"@type":"ImageObject","inLanguage":"fr-FR","@id":"https:\/\/www.groupesge.fr\/pro\/mentions-legales\/#primaryimage","url":"https:\/\/www.groupesge.fr\/pro\/wp-content\/uploads\/sites\/4\/2022\/06\/Slider-agences.jpg","contentUrl":"https:\/\/www.groupesge.fr\/pro\/wp-content\/uploads\/sites\/4\/2022\/06\/Slider-agences.jpg","width":1920,"height":666,"caption":"photo des agences immobili\u00e8res du groupe SGE"},{"@type":"BreadcrumbList","@id":"https:\/\/www.groupesge.fr\/pro\/mentions-legales\/#breadcrumb","itemListElement":[{"@type":"ListItem","position":1,"name":"Accueil","item":"https:\/\/www.groupesge.fr\/pro\/"},{"@type":"ListItem","position":2,"name":"Mentions l\u00e9gales"}]},{"@type":"WebSite","@id":"https:\/\/www.groupesge.fr\/pro\/#website","url":"https:\/\/www.groupesge.fr\/pro\/","name":"Groupe SGE PROS","description":"Trouvez un bien qui vous ressemble","publisher":{"@id":"https:\/\/www.groupesge.fr\/pro\/#organization"},"alternateName":"SGE PROS","potentialAction":[{"@type":"SearchAction","target":{"@type":"EntryPoint","urlTemplate":"https:\/\/www.groupesge.fr\/pro\/?s={search_term_string}"},"query-input":{"@type":"PropertyValueSpecification","valueRequired":true,"valueName":"search_term_string"}}],"inLanguage":"fr-FR"},{"@type":"Organization","@id":"https:\/\/www.groupesge.fr\/pro\/#organization","name":"Groupe SGE PROS","alternateName":"SGE PROS","url":"https:\/\/www.groupesge.fr\/pro\/","logo":{"@type":"ImageObject","inLanguage":"fr-FR","@id":"https:\/\/www.groupesge.fr\/pro\/#\/schema\/logo\/image\/","url":"https:\/\/cddzmgvsoa.cloudimg.io\/www.groupesge.fr\/pro\/wp-content\/uploads\/sites\/4\/2023\/09\/Logo-SGE.svg","contentUrl":"https:\/\/cddzmgvsoa.cloudimg.io\/www.groupesge.fr\/pro\/wp-content\/uploads\/sites\/4\/2023\/09\/Logo-SGE.svg","width":180,"height":91,"caption":"Groupe SGE PROS"},"image":{"@id":"https:\/\/www.groupesge.fr\/pro\/#\/schema\/logo\/image\/"},"sameAs":["https:\/\/www.facebook.com\/groupesge","https:\/\/www.instagram.com\/groupesge\/"]}]}},"_links":{"self":[{"href":"https:\/\/www.groupesge.fr\/pro\/wp-json\/wp\/v2\/pages\/3327","targetHints":{"allow":["GET"]}}],"collection":[{"href":"https:\/\/www.groupesge.fr\/pro\/wp-json\/wp\/v2\/pages"}],"about":[{"href":"https:\/\/www.groupesge.fr\/pro\/wp-json\/wp\/v2\/types\/page"}],"author":[{"embeddable":true,"href":"https:\/\/www.groupesge.fr\/pro\/wp-json\/wp\/v2\/users\/1"}],"replies":[{"embeddable":true,"href":"https:\/\/www.groupesge.fr\/pro\/wp-json\/wp\/v2\/comments?post=3327"}],"version-history":[{"count":3,"href":"https:\/\/www.groupesge.fr\/pro\/wp-json\/wp\/v2\/pages\/3327\/revisions"}],"predecessor-version":[{"id":21536,"href":"https:\/\/www.groupesge.fr\/pro\/wp-json\/wp\/v2\/pages\/3327\/revisions\/21536"}],"wp:featuredmedia":[{"embeddable":true,"href":"https:\/\/www.groupesge.fr\/pro\/wp-json\/wp\/v2\/media\/5503"}],"wp:attachment":[{"href":"https:\/\/www.groupesge.fr\/pro\/wp-json\/wp\/v2\/media?parent=3327"}],"curies":[{"name":"wp","href":"https:\/\/api.w.org\/{rel}","templated":true}]}}