{"id":21891,"date":"2025-06-20T16:33:54","date_gmt":"2025-06-20T14:33:54","guid":{"rendered":"https:\/\/preprod.groupesge.fr\/pro\/?page_id=21891"},"modified":"2025-06-25T15:21:23","modified_gmt":"2025-06-25T13:21:23","slug":"la-corse","status":"publish","type":"page","link":"https:\/\/www.groupesge.fr\/pro\/nos-programmes\/terrains-professionnels\/la-corse\/","title":{"rendered":"La Corse"},"content":{"rendered":"<p><span data-sheets-root=\"1\">Les terrains professionnels en Corse offrent une opportunit\u00e9 rare pour ceux qui souhaitent entreprendre ou investir dans un cadre pr\u00e9serv\u00e9 mais en pleine modernisation. Le Groupe SGE met \u00e0 votre disposition une s\u00e9lection de parcelles pr\u00eates \u00e0 b\u00e2tir, parfaitement situ\u00e9es sur l\u2019\u00eele de Beaut\u00e9.<\/p>\n<p>D\u2019abord, nous s\u00e9lectionnons des terrains situ\u00e9s dans des secteurs porteurs, proches des bassins urbains comme Ajaccio, Bastia ou Porto-Vecchio. Ensuite, nous nous assurons que chaque parcelle r\u00e9ponde aux crit\u00e8res techniques n\u00e9cessaires \u00e0 une implantation rapide.<\/p>\n<p>Par ailleurs, la Corse conna\u00eet une dynamique nouvelle. De plus en plus d\u2019acteurs \u00e9conomiques s\u2019y installent, port\u00e9s par une demande locale forte et un environnement attractif. De plus, les politiques r\u00e9gionales soutiennent les projets d\u2019am\u00e9nagement \u00e9quilibr\u00e9s.<\/p>\n<p>En effet, faire le choix de la Corse, c\u2019est investir dans un territoire au potentiel sous-exploit\u00e9, \u00e0 fort pouvoir de diff\u00e9renciation. N\u00e9anmoins, r\u00e9ussir son projet implique d\u2019\u00eatre bien accompagn\u00e9.<\/p>\n<p>Avec le Groupe SGE, vous b\u00e9n\u00e9ficiez d\u2019un appui terrain, local, et r\u00e9actif. Nos experts vous conseillent \u00e0 chaque \u00e9tape, avec une approche personnalis\u00e9e.<\/p>\n<p>Choisissez les terrains professionnels en Corse propos\u00e9s par le Groupe SGE pour concilier qualit\u00e9 de vie et performance \u00e9conomique.<br \/>\n<\/span><\/p>\n","protected":false},"excerpt":{"rendered":"<p>Les terrains professionnels en Corse offrent une opportunit\u00e9 rare pour ceux qui souhaitent entreprendre ou investir dans un cadre pr\u00e9serv\u00e9 mais en pleine modernisation. Le Groupe SGE met \u00e0 votre disposition une s\u00e9lection de parcelles pr\u00eates \u00e0 b\u00e2tir, parfaitement situ\u00e9es sur l\u2019\u00eele de Beaut\u00e9. D\u2019abord, nous s\u00e9lectionnons des terrains situ\u00e9s dans des secteurs porteurs, proches [&hellip;]<\/p>\n","protected":false},"author":1,"featured_media":0,"parent":21675,"menu_order":0,"comment_status":"closed","ping_status":"closed","template":"template-tous-les-programmes.php","meta":{"_acf_changed":false,"inline_featured_image":false,"footnotes":""},"class_list":["post-21891","page","type-page","status-publish","hentry"],"acf":[],"yoast_head":"<!-- This site is optimized with the Yoast SEO plugin v27.3 - https:\/\/yoast.com\/product\/yoast-seo-wordpress\/ -->\n<title>Terrains professionnels en Corse | Programmes Groupe SGE<\/title>\n<meta name=\"description\" content=\"D\u00e9veloppez votre entreprise en Corse avec nos terrains professionnels viabilis\u00e9s. Des opportunit\u00e9s rares dans un cadre naturel exceptionnel.\" \/>\n<meta name=\"robots\" content=\"index, follow, max-snippet:-1, max-image-preview:large, max-video-preview:-1\" \/>\n<link rel=\"canonical\" href=\"https:\/\/www.groupesge.fr\/pro\/nos-programmes\/terrains-professionnels\/la-corse\/\" \/>\n<meta property=\"og:locale\" content=\"fr_FR\" \/>\n<meta property=\"og:type\" content=\"article\" \/>\n<meta property=\"og:title\" content=\"Terrains professionnels en Corse | Programmes Groupe SGE\" \/>\n<meta property=\"og:description\" content=\"D\u00e9veloppez votre entreprise en Corse avec nos terrains professionnels viabilis\u00e9s. Des opportunit\u00e9s rares dans un cadre naturel exceptionnel.\" \/>\n<meta property=\"og:url\" content=\"https:\/\/www.groupesge.fr\/pro\/nos-programmes\/terrains-professionnels\/la-corse\/\" \/>\n<meta property=\"og:site_name\" content=\"SGE PROS\" \/>\n<meta property=\"article:publisher\" content=\"https:\/\/www.facebook.com\/groupesge\" \/>\n<meta property=\"article:modified_time\" content=\"2025-06-25T13:21:23+00:00\" \/>\n<meta property=\"og:image\" content=\"https:\/\/www.groupesge.fr\/pro\/wp-content\/uploads\/sites\/4\/2025\/03\/sge-pros.jpg\" \/>\n\t<meta property=\"og:image:width\" content=\"2000\" \/>\n\t<meta property=\"og:image:height\" content=\"1016\" \/>\n\t<meta property=\"og:image:type\" content=\"image\/jpeg\" \/>\n<meta name=\"twitter:card\" content=\"summary_large_image\" \/>\n<meta name=\"twitter:label1\" content=\"Dur\u00e9e de lecture estim\u00e9e\" \/>\n\t<meta name=\"twitter:data1\" content=\"2 minutes\" \/>\n<script type=\"application\/ld+json\" class=\"yoast-schema-graph\">{\"@context\":\"https:\\\/\\\/schema.org\",\"@graph\":[{\"@type\":\"WebPage\",\"@id\":\"https:\\\/\\\/www.groupesge.fr\\\/pro\\\/nos-programmes\\\/terrains-professionnels\\\/la-corse\\\/\",\"url\":\"https:\\\/\\\/www.groupesge.fr\\\/pro\\\/nos-programmes\\\/terrains-professionnels\\\/la-corse\\\/\",\"name\":\"Terrains professionnels en Corse | Programmes Groupe SGE\",\"isPartOf\":{\"@id\":\"https:\\\/\\\/www.groupesge.fr\\\/pro\\\/#website\"},\"datePublished\":\"2025-06-20T14:33:54+00:00\",\"dateModified\":\"2025-06-25T13:21:23+00:00\",\"description\":\"D\u00e9veloppez votre entreprise en Corse avec nos terrains professionnels viabilis\u00e9s. Des opportunit\u00e9s rares dans un cadre naturel exceptionnel.\",\"breadcrumb\":{\"@id\":\"https:\\\/\\\/www.groupesge.fr\\\/pro\\\/nos-programmes\\\/terrains-professionnels\\\/la-corse\\\/#breadcrumb\"},\"inLanguage\":\"fr-FR\",\"potentialAction\":[{\"@type\":\"ReadAction\",\"target\":[\"https:\\\/\\\/www.groupesge.fr\\\/pro\\\/nos-programmes\\\/terrains-professionnels\\\/la-corse\\\/\"]}]},{\"@type\":\"BreadcrumbList\",\"@id\":\"https:\\\/\\\/www.groupesge.fr\\\/pro\\\/nos-programmes\\\/terrains-professionnels\\\/la-corse\\\/#breadcrumb\",\"itemListElement\":[{\"@type\":\"ListItem\",\"position\":1,\"name\":\"Accueil\",\"item\":\"https:\\\/\\\/www.groupesge.fr\\\/pro\\\/\"},{\"@type\":\"ListItem\",\"position\":2,\"name\":\"Tous les programmes\",\"item\":\"https:\\\/\\\/www.groupesge.fr\\\/pro\\\/nos-programmes\\\/\"},{\"@type\":\"ListItem\",\"position\":3,\"name\":\"Terrains professionnels\",\"item\":\"https:\\\/\\\/www.groupesge.fr\\\/pro\\\/nos-programmes\\\/terrains-professionnels\\\/\"},{\"@type\":\"ListItem\",\"position\":4,\"name\":\"La Corse\"}]},{\"@type\":\"WebSite\",\"@id\":\"https:\\\/\\\/www.groupesge.fr\\\/pro\\\/#website\",\"url\":\"https:\\\/\\\/www.groupesge.fr\\\/pro\\\/\",\"name\":\"Groupe SGE PROS\",\"description\":\"Trouvez un bien qui vous ressemble\",\"publisher\":{\"@id\":\"https:\\\/\\\/www.groupesge.fr\\\/pro\\\/#organization\"},\"alternateName\":\"SGE PROS\",\"potentialAction\":[{\"@type\":\"SearchAction\",\"target\":{\"@type\":\"EntryPoint\",\"urlTemplate\":\"https:\\\/\\\/www.groupesge.fr\\\/pro\\\/?s={search_term_string}\"},\"query-input\":{\"@type\":\"PropertyValueSpecification\",\"valueRequired\":true,\"valueName\":\"search_term_string\"}}],\"inLanguage\":\"fr-FR\"},{\"@type\":\"Organization\",\"@id\":\"https:\\\/\\\/www.groupesge.fr\\\/pro\\\/#organization\",\"name\":\"Groupe SGE PROS\",\"alternateName\":\"SGE PROS\",\"url\":\"https:\\\/\\\/www.groupesge.fr\\\/pro\\\/\",\"logo\":{\"@type\":\"ImageObject\",\"inLanguage\":\"fr-FR\",\"@id\":\"https:\\\/\\\/www.groupesge.fr\\\/pro\\\/#\\\/schema\\\/logo\\\/image\\\/\",\"url\":\"https:\\\/\\\/cddzmgvsoa.cloudimg.io\\\/www.groupesge.fr\\\/pro\\\/wp-content\\\/uploads\\\/sites\\\/4\\\/2023\\\/09\\\/Logo-SGE.svg\",\"contentUrl\":\"https:\\\/\\\/cddzmgvsoa.cloudimg.io\\\/www.groupesge.fr\\\/pro\\\/wp-content\\\/uploads\\\/sites\\\/4\\\/2023\\\/09\\\/Logo-SGE.svg\",\"width\":180,\"height\":91,\"caption\":\"Groupe SGE PROS\"},\"image\":{\"@id\":\"https:\\\/\\\/www.groupesge.fr\\\/pro\\\/#\\\/schema\\\/logo\\\/image\\\/\"},\"sameAs\":[\"https:\\\/\\\/www.facebook.com\\\/groupesge\",\"https:\\\/\\\/www.instagram.com\\\/groupesge\\\/\"]}]}<\/script>\n<!-- \/ Yoast SEO plugin. -->","yoast_head_json":{"title":"Terrains professionnels en Corse | Programmes Groupe SGE","description":"D\u00e9veloppez votre entreprise en Corse avec nos terrains professionnels viabilis\u00e9s. Des opportunit\u00e9s rares dans un cadre naturel exceptionnel.","robots":{"index":"index","follow":"follow","max-snippet":"max-snippet:-1","max-image-preview":"max-image-preview:large","max-video-preview":"max-video-preview:-1"},"canonical":"https:\/\/www.groupesge.fr\/pro\/nos-programmes\/terrains-professionnels\/la-corse\/","og_locale":"fr_FR","og_type":"article","og_title":"Terrains professionnels en Corse | Programmes Groupe SGE","og_description":"D\u00e9veloppez votre entreprise en Corse avec nos terrains professionnels viabilis\u00e9s. Des opportunit\u00e9s rares dans un cadre naturel exceptionnel.","og_url":"https:\/\/www.groupesge.fr\/pro\/nos-programmes\/terrains-professionnels\/la-corse\/","og_site_name":"SGE PROS","article_publisher":"https:\/\/www.facebook.com\/groupesge","article_modified_time":"2025-06-25T13:21:23+00:00","og_image":[{"width":2000,"height":1016,"url":"https:\/\/www.groupesge.fr\/pro\/wp-content\/uploads\/sites\/4\/2025\/03\/sge-pros.jpg","type":"image\/jpeg"}],"twitter_card":"summary_large_image","twitter_misc":{"Dur\u00e9e de lecture estim\u00e9e":"2 minutes"},"schema":{"@context":"https:\/\/schema.org","@graph":[{"@type":"WebPage","@id":"https:\/\/www.groupesge.fr\/pro\/nos-programmes\/terrains-professionnels\/la-corse\/","url":"https:\/\/www.groupesge.fr\/pro\/nos-programmes\/terrains-professionnels\/la-corse\/","name":"Terrains professionnels en Corse | Programmes Groupe SGE","isPartOf":{"@id":"https:\/\/www.groupesge.fr\/pro\/#website"},"datePublished":"2025-06-20T14:33:54+00:00","dateModified":"2025-06-25T13:21:23+00:00","description":"D\u00e9veloppez votre entreprise en Corse avec nos terrains professionnels viabilis\u00e9s. Des opportunit\u00e9s rares dans un cadre naturel exceptionnel.","breadcrumb":{"@id":"https:\/\/www.groupesge.fr\/pro\/nos-programmes\/terrains-professionnels\/la-corse\/#breadcrumb"},"inLanguage":"fr-FR","potentialAction":[{"@type":"ReadAction","target":["https:\/\/www.groupesge.fr\/pro\/nos-programmes\/terrains-professionnels\/la-corse\/"]}]},{"@type":"BreadcrumbList","@id":"https:\/\/www.groupesge.fr\/pro\/nos-programmes\/terrains-professionnels\/la-corse\/#breadcrumb","itemListElement":[{"@type":"ListItem","position":1,"name":"Accueil","item":"https:\/\/www.groupesge.fr\/pro\/"},{"@type":"ListItem","position":2,"name":"Tous les programmes","item":"https:\/\/www.groupesge.fr\/pro\/nos-programmes\/"},{"@type":"ListItem","position":3,"name":"Terrains professionnels","item":"https:\/\/www.groupesge.fr\/pro\/nos-programmes\/terrains-professionnels\/"},{"@type":"ListItem","position":4,"name":"La Corse"}]},{"@type":"WebSite","@id":"https:\/\/www.groupesge.fr\/pro\/#website","url":"https:\/\/www.groupesge.fr\/pro\/","name":"Groupe SGE PROS","description":"Trouvez un bien qui vous ressemble","publisher":{"@id":"https:\/\/www.groupesge.fr\/pro\/#organization"},"alternateName":"SGE PROS","potentialAction":[{"@type":"SearchAction","target":{"@type":"EntryPoint","urlTemplate":"https:\/\/www.groupesge.fr\/pro\/?s={search_term_string}"},"query-input":{"@type":"PropertyValueSpecification","valueRequired":true,"valueName":"search_term_string"}}],"inLanguage":"fr-FR"},{"@type":"Organization","@id":"https:\/\/www.groupesge.fr\/pro\/#organization","name":"Groupe SGE PROS","alternateName":"SGE PROS","url":"https:\/\/www.groupesge.fr\/pro\/","logo":{"@type":"ImageObject","inLanguage":"fr-FR","@id":"https:\/\/www.groupesge.fr\/pro\/#\/schema\/logo\/image\/","url":"https:\/\/cddzmgvsoa.cloudimg.io\/www.groupesge.fr\/pro\/wp-content\/uploads\/sites\/4\/2023\/09\/Logo-SGE.svg","contentUrl":"https:\/\/cddzmgvsoa.cloudimg.io\/www.groupesge.fr\/pro\/wp-content\/uploads\/sites\/4\/2023\/09\/Logo-SGE.svg","width":180,"height":91,"caption":"Groupe SGE PROS"},"image":{"@id":"https:\/\/www.groupesge.fr\/pro\/#\/schema\/logo\/image\/"},"sameAs":["https:\/\/www.facebook.com\/groupesge","https:\/\/www.instagram.com\/groupesge\/"]}]}},"_links":{"self":[{"href":"https:\/\/www.groupesge.fr\/pro\/wp-json\/wp\/v2\/pages\/21891","targetHints":{"allow":["GET"]}}],"collection":[{"href":"https:\/\/www.groupesge.fr\/pro\/wp-json\/wp\/v2\/pages"}],"about":[{"href":"https:\/\/www.groupesge.fr\/pro\/wp-json\/wp\/v2\/types\/page"}],"author":[{"embeddable":true,"href":"https:\/\/www.groupesge.fr\/pro\/wp-json\/wp\/v2\/users\/1"}],"replies":[{"embeddable":true,"href":"https:\/\/www.groupesge.fr\/pro\/wp-json\/wp\/v2\/comments?post=21891"}],"version-history":[{"count":4,"href":"https:\/\/www.groupesge.fr\/pro\/wp-json\/wp\/v2\/pages\/21891\/revisions"}],"predecessor-version":[{"id":21948,"href":"https:\/\/www.groupesge.fr\/pro\/wp-json\/wp\/v2\/pages\/21891\/revisions\/21948"}],"up":[{"embeddable":true,"href":"https:\/\/www.groupesge.fr\/pro\/wp-json\/wp\/v2\/pages\/21675"}],"wp:attachment":[{"href":"https:\/\/www.groupesge.fr\/pro\/wp-json\/wp\/v2\/media?parent=21891"}],"curies":[{"name":"wp","href":"https:\/\/api.w.org\/{rel}","templated":true}]}}