{"id":21788,"date":"2025-05-15T17:01:59","date_gmt":"2025-05-15T15:01:59","guid":{"rendered":"https:\/\/preprod.groupesge.fr\/pro\/?page_id=21788"},"modified":"2025-06-25T15:18:10","modified_gmt":"2025-06-25T13:18:10","slug":"haute-garonne","status":"publish","type":"page","link":"https:\/\/www.groupesge.fr\/pro\/nos-programmes\/terrains-professionnels\/haute-garonne\/","title":{"rendered":"Haute Garonne"},"content":{"rendered":"<p><span data-sheets-root=\"1\">Les terrains professionnels en Haute-Garonne permettent d\u2019acc\u00e9der \u00e0 un march\u00e9 dynamique et en pleine expansion autour de Toulouse. Le Groupe SGE s\u00e9lectionne pour vous des terrains \u00e0 usage professionnel, situ\u00e9s dans des zones d\u2019activit\u00e9s strat\u00e9giques et \u00e0 fort potentiel.<\/p>\n<p>D\u2019abord, nous analysons finement les atouts de chaque localisation : proximit\u00e9 des axes de transport, connexions aux zones urbaines, bassin d\u2019emploi. Ensuite, nous vous proposons uniquement des parcelles viabilis\u00e9es, constructibles et pr\u00eates \u00e0 accueillir votre activit\u00e9.<\/p>\n<p>Par ailleurs, la Haute-Garonne s\u00e9duit par la puissance de son p\u00f4le \u00e9conomique et technologique. De plus, le territoire attire autant les entreprises du num\u00e9rique que celles du commerce, de la logistique ou des services.<\/p>\n<p>En effet, investir ici offre de belles perspectives de croissance. N\u00e9anmoins, la r\u00e9ussite d\u2019un projet professionnel passe aussi par un accompagnement de qualit\u00e9. C\u2019est pourquoi nous assurons un suivi complet, du choix du terrain jusqu\u2019\u00e0 l\u2019acte d\u2019achat.<\/p>\n<p>Nos experts terrain vous conseillent \u00e0 chaque \u00e9tape. Vous gagnez en clart\u00e9, en efficacit\u00e9 et en tranquillit\u00e9 d\u2019esprit.<\/p>\n<p>Faites le choix d\u2019un partenaire engag\u00e9 avec le Groupe SGE et explorez d\u00e8s aujourd\u2019hui notre offre de terrains professionnels en Haute-Garonne.<\/span><\/p>\n","protected":false},"excerpt":{"rendered":"<p>Les terrains professionnels en Haute-Garonne permettent d\u2019acc\u00e9der \u00e0 un march\u00e9 dynamique et en pleine expansion autour de Toulouse. Le Groupe SGE s\u00e9lectionne pour vous des terrains \u00e0 usage professionnel, situ\u00e9s dans des zones d\u2019activit\u00e9s strat\u00e9giques et \u00e0 fort potentiel. D\u2019abord, nous analysons finement les atouts de chaque localisation : proximit\u00e9 des axes de transport, connexions [&hellip;]<\/p>\n","protected":false},"author":1,"featured_media":0,"parent":21675,"menu_order":0,"comment_status":"closed","ping_status":"closed","template":"template-tous-les-programmes.php","meta":{"_acf_changed":false,"inline_featured_image":false,"footnotes":""},"class_list":["post-21788","page","type-page","status-publish","hentry"],"acf":[],"yoast_head":"<!-- This site is optimized with the Yoast SEO plugin v27.3 - https:\/\/yoast.com\/product\/yoast-seo-wordpress\/ -->\n<title>Terrains professionnels en Haute-Garonne | Groupe SGE<\/title>\n<meta name=\"description\" content=\"Trouvez des terrains professionnels en Haute-Garonne pour d\u00e9velopper votre entreprise. Terrains situ\u00e9es en zones d\u2019activit\u00e9 attractives.\" \/>\n<meta name=\"robots\" content=\"index, follow, max-snippet:-1, max-image-preview:large, max-video-preview:-1\" \/>\n<link rel=\"canonical\" href=\"https:\/\/www.groupesge.fr\/pro\/nos-programmes\/terrains-professionnels\/haute-garonne\/\" \/>\n<meta property=\"og:locale\" content=\"fr_FR\" \/>\n<meta property=\"og:type\" content=\"article\" \/>\n<meta property=\"og:title\" content=\"Terrains professionnels en Haute-Garonne | Groupe SGE\" \/>\n<meta property=\"og:description\" content=\"Trouvez des terrains professionnels en Haute-Garonne pour d\u00e9velopper votre entreprise. Terrains situ\u00e9es en zones d\u2019activit\u00e9 attractives.\" \/>\n<meta property=\"og:url\" content=\"https:\/\/www.groupesge.fr\/pro\/nos-programmes\/terrains-professionnels\/haute-garonne\/\" \/>\n<meta property=\"og:site_name\" content=\"SGE PROS\" \/>\n<meta property=\"article:publisher\" content=\"https:\/\/www.facebook.com\/groupesge\" \/>\n<meta property=\"article:modified_time\" content=\"2025-06-25T13:18:10+00:00\" \/>\n<meta property=\"og:image\" content=\"https:\/\/www.groupesge.fr\/pro\/wp-content\/uploads\/sites\/4\/2025\/03\/sge-pros.jpg\" \/>\n\t<meta property=\"og:image:width\" content=\"2000\" \/>\n\t<meta property=\"og:image:height\" content=\"1016\" \/>\n\t<meta property=\"og:image:type\" content=\"image\/jpeg\" \/>\n<meta name=\"twitter:card\" content=\"summary_large_image\" \/>\n<meta name=\"twitter:label1\" content=\"Dur\u00e9e de lecture estim\u00e9e\" \/>\n\t<meta name=\"twitter:data1\" content=\"2 minutes\" \/>\n<script type=\"application\/ld+json\" class=\"yoast-schema-graph\">{\"@context\":\"https:\\\/\\\/schema.org\",\"@graph\":[{\"@type\":\"WebPage\",\"@id\":\"https:\\\/\\\/www.groupesge.fr\\\/pro\\\/nos-programmes\\\/terrains-professionnels\\\/haute-garonne\\\/\",\"url\":\"https:\\\/\\\/www.groupesge.fr\\\/pro\\\/nos-programmes\\\/terrains-professionnels\\\/haute-garonne\\\/\",\"name\":\"Terrains professionnels en Haute-Garonne | Groupe SGE\",\"isPartOf\":{\"@id\":\"https:\\\/\\\/www.groupesge.fr\\\/pro\\\/#website\"},\"datePublished\":\"2025-05-15T15:01:59+00:00\",\"dateModified\":\"2025-06-25T13:18:10+00:00\",\"description\":\"Trouvez des terrains professionnels en Haute-Garonne pour d\u00e9velopper votre entreprise. Terrains situ\u00e9es en zones d\u2019activit\u00e9 attractives.\",\"breadcrumb\":{\"@id\":\"https:\\\/\\\/www.groupesge.fr\\\/pro\\\/nos-programmes\\\/terrains-professionnels\\\/haute-garonne\\\/#breadcrumb\"},\"inLanguage\":\"fr-FR\",\"potentialAction\":[{\"@type\":\"ReadAction\",\"target\":[\"https:\\\/\\\/www.groupesge.fr\\\/pro\\\/nos-programmes\\\/terrains-professionnels\\\/haute-garonne\\\/\"]}]},{\"@type\":\"BreadcrumbList\",\"@id\":\"https:\\\/\\\/www.groupesge.fr\\\/pro\\\/nos-programmes\\\/terrains-professionnels\\\/haute-garonne\\\/#breadcrumb\",\"itemListElement\":[{\"@type\":\"ListItem\",\"position\":1,\"name\":\"Accueil\",\"item\":\"https:\\\/\\\/www.groupesge.fr\\\/pro\\\/\"},{\"@type\":\"ListItem\",\"position\":2,\"name\":\"Tous les programmes\",\"item\":\"https:\\\/\\\/www.groupesge.fr\\\/pro\\\/nos-programmes\\\/\"},{\"@type\":\"ListItem\",\"position\":3,\"name\":\"Terrains professionnels\",\"item\":\"https:\\\/\\\/www.groupesge.fr\\\/pro\\\/nos-programmes\\\/terrains-professionnels\\\/\"},{\"@type\":\"ListItem\",\"position\":4,\"name\":\"Haute Garonne\"}]},{\"@type\":\"WebSite\",\"@id\":\"https:\\\/\\\/www.groupesge.fr\\\/pro\\\/#website\",\"url\":\"https:\\\/\\\/www.groupesge.fr\\\/pro\\\/\",\"name\":\"Groupe SGE PROS\",\"description\":\"Trouvez un bien qui vous ressemble\",\"publisher\":{\"@id\":\"https:\\\/\\\/www.groupesge.fr\\\/pro\\\/#organization\"},\"alternateName\":\"SGE PROS\",\"potentialAction\":[{\"@type\":\"SearchAction\",\"target\":{\"@type\":\"EntryPoint\",\"urlTemplate\":\"https:\\\/\\\/www.groupesge.fr\\\/pro\\\/?s={search_term_string}\"},\"query-input\":{\"@type\":\"PropertyValueSpecification\",\"valueRequired\":true,\"valueName\":\"search_term_string\"}}],\"inLanguage\":\"fr-FR\"},{\"@type\":\"Organization\",\"@id\":\"https:\\\/\\\/www.groupesge.fr\\\/pro\\\/#organization\",\"name\":\"Groupe SGE PROS\",\"alternateName\":\"SGE PROS\",\"url\":\"https:\\\/\\\/www.groupesge.fr\\\/pro\\\/\",\"logo\":{\"@type\":\"ImageObject\",\"inLanguage\":\"fr-FR\",\"@id\":\"https:\\\/\\\/www.groupesge.fr\\\/pro\\\/#\\\/schema\\\/logo\\\/image\\\/\",\"url\":\"https:\\\/\\\/cddzmgvsoa.cloudimg.io\\\/www.groupesge.fr\\\/pro\\\/wp-content\\\/uploads\\\/sites\\\/4\\\/2023\\\/09\\\/Logo-SGE.svg\",\"contentUrl\":\"https:\\\/\\\/cddzmgvsoa.cloudimg.io\\\/www.groupesge.fr\\\/pro\\\/wp-content\\\/uploads\\\/sites\\\/4\\\/2023\\\/09\\\/Logo-SGE.svg\",\"width\":180,\"height\":91,\"caption\":\"Groupe SGE PROS\"},\"image\":{\"@id\":\"https:\\\/\\\/www.groupesge.fr\\\/pro\\\/#\\\/schema\\\/logo\\\/image\\\/\"},\"sameAs\":[\"https:\\\/\\\/www.facebook.com\\\/groupesge\",\"https:\\\/\\\/www.instagram.com\\\/groupesge\\\/\"]}]}<\/script>\n<!-- \/ Yoast SEO plugin. -->","yoast_head_json":{"title":"Terrains professionnels en Haute-Garonne | Groupe SGE","description":"Trouvez des terrains professionnels en Haute-Garonne pour d\u00e9velopper votre entreprise. Terrains situ\u00e9es en zones d\u2019activit\u00e9 attractives.","robots":{"index":"index","follow":"follow","max-snippet":"max-snippet:-1","max-image-preview":"max-image-preview:large","max-video-preview":"max-video-preview:-1"},"canonical":"https:\/\/www.groupesge.fr\/pro\/nos-programmes\/terrains-professionnels\/haute-garonne\/","og_locale":"fr_FR","og_type":"article","og_title":"Terrains professionnels en Haute-Garonne | Groupe SGE","og_description":"Trouvez des terrains professionnels en Haute-Garonne pour d\u00e9velopper votre entreprise. Terrains situ\u00e9es en zones d\u2019activit\u00e9 attractives.","og_url":"https:\/\/www.groupesge.fr\/pro\/nos-programmes\/terrains-professionnels\/haute-garonne\/","og_site_name":"SGE PROS","article_publisher":"https:\/\/www.facebook.com\/groupesge","article_modified_time":"2025-06-25T13:18:10+00:00","og_image":[{"width":2000,"height":1016,"url":"https:\/\/www.groupesge.fr\/pro\/wp-content\/uploads\/sites\/4\/2025\/03\/sge-pros.jpg","type":"image\/jpeg"}],"twitter_card":"summary_large_image","twitter_misc":{"Dur\u00e9e de lecture estim\u00e9e":"2 minutes"},"schema":{"@context":"https:\/\/schema.org","@graph":[{"@type":"WebPage","@id":"https:\/\/www.groupesge.fr\/pro\/nos-programmes\/terrains-professionnels\/haute-garonne\/","url":"https:\/\/www.groupesge.fr\/pro\/nos-programmes\/terrains-professionnels\/haute-garonne\/","name":"Terrains professionnels en Haute-Garonne | Groupe SGE","isPartOf":{"@id":"https:\/\/www.groupesge.fr\/pro\/#website"},"datePublished":"2025-05-15T15:01:59+00:00","dateModified":"2025-06-25T13:18:10+00:00","description":"Trouvez des terrains professionnels en Haute-Garonne pour d\u00e9velopper votre entreprise. Terrains situ\u00e9es en zones d\u2019activit\u00e9 attractives.","breadcrumb":{"@id":"https:\/\/www.groupesge.fr\/pro\/nos-programmes\/terrains-professionnels\/haute-garonne\/#breadcrumb"},"inLanguage":"fr-FR","potentialAction":[{"@type":"ReadAction","target":["https:\/\/www.groupesge.fr\/pro\/nos-programmes\/terrains-professionnels\/haute-garonne\/"]}]},{"@type":"BreadcrumbList","@id":"https:\/\/www.groupesge.fr\/pro\/nos-programmes\/terrains-professionnels\/haute-garonne\/#breadcrumb","itemListElement":[{"@type":"ListItem","position":1,"name":"Accueil","item":"https:\/\/www.groupesge.fr\/pro\/"},{"@type":"ListItem","position":2,"name":"Tous les programmes","item":"https:\/\/www.groupesge.fr\/pro\/nos-programmes\/"},{"@type":"ListItem","position":3,"name":"Terrains professionnels","item":"https:\/\/www.groupesge.fr\/pro\/nos-programmes\/terrains-professionnels\/"},{"@type":"ListItem","position":4,"name":"Haute Garonne"}]},{"@type":"WebSite","@id":"https:\/\/www.groupesge.fr\/pro\/#website","url":"https:\/\/www.groupesge.fr\/pro\/","name":"Groupe SGE PROS","description":"Trouvez un bien qui vous ressemble","publisher":{"@id":"https:\/\/www.groupesge.fr\/pro\/#organization"},"alternateName":"SGE PROS","potentialAction":[{"@type":"SearchAction","target":{"@type":"EntryPoint","urlTemplate":"https:\/\/www.groupesge.fr\/pro\/?s={search_term_string}"},"query-input":{"@type":"PropertyValueSpecification","valueRequired":true,"valueName":"search_term_string"}}],"inLanguage":"fr-FR"},{"@type":"Organization","@id":"https:\/\/www.groupesge.fr\/pro\/#organization","name":"Groupe SGE PROS","alternateName":"SGE PROS","url":"https:\/\/www.groupesge.fr\/pro\/","logo":{"@type":"ImageObject","inLanguage":"fr-FR","@id":"https:\/\/www.groupesge.fr\/pro\/#\/schema\/logo\/image\/","url":"https:\/\/cddzmgvsoa.cloudimg.io\/www.groupesge.fr\/pro\/wp-content\/uploads\/sites\/4\/2023\/09\/Logo-SGE.svg","contentUrl":"https:\/\/cddzmgvsoa.cloudimg.io\/www.groupesge.fr\/pro\/wp-content\/uploads\/sites\/4\/2023\/09\/Logo-SGE.svg","width":180,"height":91,"caption":"Groupe SGE PROS"},"image":{"@id":"https:\/\/www.groupesge.fr\/pro\/#\/schema\/logo\/image\/"},"sameAs":["https:\/\/www.facebook.com\/groupesge","https:\/\/www.instagram.com\/groupesge\/"]}]}},"_links":{"self":[{"href":"https:\/\/www.groupesge.fr\/pro\/wp-json\/wp\/v2\/pages\/21788","targetHints":{"allow":["GET"]}}],"collection":[{"href":"https:\/\/www.groupesge.fr\/pro\/wp-json\/wp\/v2\/pages"}],"about":[{"href":"https:\/\/www.groupesge.fr\/pro\/wp-json\/wp\/v2\/types\/page"}],"author":[{"embeddable":true,"href":"https:\/\/www.groupesge.fr\/pro\/wp-json\/wp\/v2\/users\/1"}],"replies":[{"embeddable":true,"href":"https:\/\/www.groupesge.fr\/pro\/wp-json\/wp\/v2\/comments?post=21788"}],"version-history":[{"count":4,"href":"https:\/\/www.groupesge.fr\/pro\/wp-json\/wp\/v2\/pages\/21788\/revisions"}],"predecessor-version":[{"id":21946,"href":"https:\/\/www.groupesge.fr\/pro\/wp-json\/wp\/v2\/pages\/21788\/revisions\/21946"}],"up":[{"embeddable":true,"href":"https:\/\/www.groupesge.fr\/pro\/wp-json\/wp\/v2\/pages\/21675"}],"wp:attachment":[{"href":"https:\/\/www.groupesge.fr\/pro\/wp-json\/wp\/v2\/media?parent=21788"}],"curies":[{"name":"wp","href":"https:\/\/api.w.org\/{rel}","templated":true}]}}