{"id":21704,"date":"2024-01-16T12:35:34","date_gmt":"2024-01-16T11:35:34","guid":{"rendered":"https:\/\/preprod.groupesge.fr\/professionnels\/?page_id=21704"},"modified":"2025-06-26T11:43:43","modified_gmt":"2025-06-26T09:43:43","slug":"realises","status":"publish","type":"page","link":"https:\/\/www.groupesge.fr\/pro\/nos-programmes\/locaux-professionnels\/realises\/","title":{"rendered":"R\u00e9alis\u00e9s"},"content":{"rendered":"<p data-start=\"556\" data-end=\"1017\">Vous recherchez des locaux\/entrep\u00f4ts en Nouvelle-Aquitaine pour implanter ou \u00e9tendre votre activit\u00e9 ? Le Groupe SGE met \u00e0 votre disposition une offre vari\u00e9e de b\u00e2timents professionnels, locaux et entrep\u00f4ts de marchandise, situ\u00e9s dans des zones dynamiques, bien desservies et propices au d\u00e9veloppement \u00e9conomique global.<br data-start=\"832\" data-end=\"835\" \/>Gr\u00e2ce \u00e0 notre parfaite connaissance du tissu r\u00e9gional, nous vous proposons des emplacements adapt\u00e9s \u00e0 votre secteur d\u2019activit\u00e9 : artisanat, logistique, commerce, ou industrie l\u00e9g\u00e8re.<\/p>\n<p data-start=\"1019\" data-end=\"1323\">Ensuite, nos locaux offrent un excellent niveau de fonctionnalit\u00e9. Ils r\u00e9pondent aux normes les plus r\u00e9centes, tant en mati\u00e8re d\u2019accessibilit\u00e9 que de performance \u00e9nerg\u00e9tique. De plus, ils sont con\u00e7us pour \u00eatre imm\u00e9diatement op\u00e9rationnels, ce qui vous permet de gagner du temps et de limiter les impr\u00e9vus.<\/p>\n<p data-start=\"1325\" data-end=\"1608\">Par ailleurs, nous s\u00e9lectionnons chaque site avec attention. Nos programmes privil\u00e9gient les zones attractives, proches des grands axes routiers, des bassins de vie et des p\u00f4les \u00e9conomiques r\u00e9gionaux. Vous profitez ainsi d\u2019une implantation strat\u00e9gique, en coh\u00e9rence avec vos besoins.<\/p>\n<p data-start=\"1610\" data-end=\"1857\">N\u00e9anmoins, chaque projet est unique. C\u2019est pourquoi notre \u00e9quipe vous accompagne dans toutes les \u00e9tapes, de la s\u00e9lection du b\u00e2timent \u00e0 la finalisation de l\u2019achat ou de la location. Vous b\u00e9n\u00e9ficiez d\u2019un accompagnement fiable, local et personnalis\u00e9.<\/p>\n<p data-start=\"1859\" data-end=\"2038\">Faites confiance au Groupe SGE pour votre implantation en Nouvelle-Aquitaine. D\u00e9couvrez nos locaux\/entrep\u00f4ts disponibles et concr\u00e9tisez votre projet dans des conditions optimales.<\/p>\n","protected":false},"excerpt":{"rendered":"<p>Vous recherchez des locaux\/entrep\u00f4ts en Nouvelle-Aquitaine pour implanter ou \u00e9tendre votre activit\u00e9 ? Le Groupe SGE met \u00e0 votre disposition une offre vari\u00e9e de b\u00e2timents professionnels, locaux et entrep\u00f4ts de marchandise, situ\u00e9s dans des zones dynamiques, bien desservies et propices au d\u00e9veloppement \u00e9conomique global.Gr\u00e2ce \u00e0 notre parfaite connaissance du tissu r\u00e9gional, nous vous proposons des [&hellip;]<\/p>\n","protected":false},"author":1,"featured_media":21955,"parent":21692,"menu_order":0,"comment_status":"closed","ping_status":"closed","template":"template-programmes-realises.php","meta":{"_acf_changed":false,"inline_featured_image":false,"footnotes":""},"class_list":["post-21704","page","type-page","status-publish","has-post-thumbnail","hentry"],"acf":[],"yoast_head":"<!-- This site is optimized with the Yoast SEO plugin v27.3 - https:\/\/yoast.com\/product\/yoast-seo-wordpress\/ -->\n<title>Locaux\/Entrep\u00f4ts | Programmes Groupe SGE<\/title>\n<meta name=\"description\" content=\"Acc\u00e9dez \u00e0 des locaux\/entrep\u00f4ts neufs et entrep\u00f4ts bien situ\u00e9s en Nouvelle-Aquitaine. Id\u00e9al pour lancer ou d\u00e9velopper votre activit\u00e9.\" \/>\n<meta name=\"robots\" content=\"index, follow, max-snippet:-1, max-image-preview:large, max-video-preview:-1\" \/>\n<link rel=\"canonical\" href=\"https:\/\/www.groupesge.fr\/pro\/nos-programmes\/locaux-professionnels\/realises\/\" \/>\n<meta property=\"og:locale\" content=\"fr_FR\" \/>\n<meta property=\"og:type\" content=\"article\" \/>\n<meta property=\"og:title\" content=\"Locaux\/Entrep\u00f4ts | Programmes Groupe SGE\" \/>\n<meta property=\"og:description\" content=\"Acc\u00e9dez \u00e0 des locaux\/entrep\u00f4ts neufs et entrep\u00f4ts bien situ\u00e9s en Nouvelle-Aquitaine. Id\u00e9al pour lancer ou d\u00e9velopper votre activit\u00e9.\" \/>\n<meta property=\"og:url\" content=\"https:\/\/www.groupesge.fr\/pro\/nos-programmes\/locaux-professionnels\/realises\/\" \/>\n<meta property=\"og:site_name\" content=\"SGE PROS\" \/>\n<meta property=\"article:publisher\" content=\"https:\/\/www.facebook.com\/groupesge\" \/>\n<meta property=\"article:modified_time\" content=\"2025-06-26T09:43:43+00:00\" \/>\n<meta property=\"og:image\" content=\"https:\/\/cddzmgvsoa.cloudimg.io\/www.groupesge.fr\/pro\/wp-content\/uploads\/sites\/4\/2025\/06\/photo-site-bail-commercial-e1713968658870.png.jpg\" \/>\n\t<meta property=\"og:image:width\" content=\"1920\" \/>\n\t<meta property=\"og:image:height\" content=\"519\" \/>\n\t<meta property=\"og:image:type\" content=\"image\/jpeg\" \/>\n<meta name=\"twitter:card\" content=\"summary_large_image\" \/>\n<meta name=\"twitter:label1\" content=\"Dur\u00e9e de lecture estim\u00e9e\" \/>\n\t<meta name=\"twitter:data1\" content=\"2 minutes\" \/>\n<script type=\"application\/ld+json\" class=\"yoast-schema-graph\">{\"@context\":\"https:\\\/\\\/schema.org\",\"@graph\":[{\"@type\":\"WebPage\",\"@id\":\"https:\\\/\\\/www.groupesge.fr\\\/pro\\\/nos-programmes\\\/locaux-professionnels\\\/realises\\\/\",\"url\":\"https:\\\/\\\/www.groupesge.fr\\\/pro\\\/nos-programmes\\\/locaux-professionnels\\\/realises\\\/\",\"name\":\"Locaux\\\/Entrep\u00f4ts | Programmes Groupe SGE\",\"isPartOf\":{\"@id\":\"https:\\\/\\\/www.groupesge.fr\\\/pro\\\/#website\"},\"primaryImageOfPage\":{\"@id\":\"https:\\\/\\\/www.groupesge.fr\\\/pro\\\/nos-programmes\\\/locaux-professionnels\\\/realises\\\/#primaryimage\"},\"image\":{\"@id\":\"https:\\\/\\\/www.groupesge.fr\\\/pro\\\/nos-programmes\\\/locaux-professionnels\\\/realises\\\/#primaryimage\"},\"thumbnailUrl\":\"https:\\\/\\\/www.groupesge.fr\\\/pro\\\/wp-content\\\/uploads\\\/sites\\\/4\\\/2025\\\/06\\\/photo-site-bail-commercial-e1713968658870.png.jpg\",\"datePublished\":\"2024-01-16T11:35:34+00:00\",\"dateModified\":\"2025-06-26T09:43:43+00:00\",\"description\":\"Acc\u00e9dez \u00e0 des locaux\\\/entrep\u00f4ts neufs et entrep\u00f4ts bien situ\u00e9s en Nouvelle-Aquitaine. Id\u00e9al pour lancer ou d\u00e9velopper votre activit\u00e9.\",\"breadcrumb\":{\"@id\":\"https:\\\/\\\/www.groupesge.fr\\\/pro\\\/nos-programmes\\\/locaux-professionnels\\\/realises\\\/#breadcrumb\"},\"inLanguage\":\"fr-FR\",\"potentialAction\":[{\"@type\":\"ReadAction\",\"target\":[\"https:\\\/\\\/www.groupesge.fr\\\/pro\\\/nos-programmes\\\/locaux-professionnels\\\/realises\\\/\"]}]},{\"@type\":\"ImageObject\",\"inLanguage\":\"fr-FR\",\"@id\":\"https:\\\/\\\/www.groupesge.fr\\\/pro\\\/nos-programmes\\\/locaux-professionnels\\\/realises\\\/#primaryimage\",\"url\":\"https:\\\/\\\/www.groupesge.fr\\\/pro\\\/wp-content\\\/uploads\\\/sites\\\/4\\\/2025\\\/06\\\/photo-site-bail-commercial-e1713968658870.png.jpg\",\"contentUrl\":\"https:\\\/\\\/www.groupesge.fr\\\/pro\\\/wp-content\\\/uploads\\\/sites\\\/4\\\/2025\\\/06\\\/photo-site-bail-commercial-e1713968658870.png.jpg\",\"width\":1920,\"height\":519,\"caption\":\"Locaux\\\/Entrep\u00f4t | Programmes Groupe SGE\"},{\"@type\":\"BreadcrumbList\",\"@id\":\"https:\\\/\\\/www.groupesge.fr\\\/pro\\\/nos-programmes\\\/locaux-professionnels\\\/realises\\\/#breadcrumb\",\"itemListElement\":[{\"@type\":\"ListItem\",\"position\":1,\"name\":\"Accueil\",\"item\":\"https:\\\/\\\/www.groupesge.fr\\\/pro\\\/\"},{\"@type\":\"ListItem\",\"position\":2,\"name\":\"Tous les programmes\",\"item\":\"https:\\\/\\\/www.groupesge.fr\\\/pro\\\/nos-programmes\\\/\"},{\"@type\":\"ListItem\",\"position\":3,\"name\":\"Locaux professionnels\",\"item\":\"https:\\\/\\\/www.groupesge.fr\\\/pro\\\/nos-programmes\\\/locaux-professionnels\\\/\"},{\"@type\":\"ListItem\",\"position\":4,\"name\":\"R\u00e9alis\u00e9s\"}]},{\"@type\":\"WebSite\",\"@id\":\"https:\\\/\\\/www.groupesge.fr\\\/pro\\\/#website\",\"url\":\"https:\\\/\\\/www.groupesge.fr\\\/pro\\\/\",\"name\":\"Groupe SGE PROS\",\"description\":\"Trouvez un bien qui vous ressemble\",\"publisher\":{\"@id\":\"https:\\\/\\\/www.groupesge.fr\\\/pro\\\/#organization\"},\"alternateName\":\"SGE PROS\",\"potentialAction\":[{\"@type\":\"SearchAction\",\"target\":{\"@type\":\"EntryPoint\",\"urlTemplate\":\"https:\\\/\\\/www.groupesge.fr\\\/pro\\\/?s={search_term_string}\"},\"query-input\":{\"@type\":\"PropertyValueSpecification\",\"valueRequired\":true,\"valueName\":\"search_term_string\"}}],\"inLanguage\":\"fr-FR\"},{\"@type\":\"Organization\",\"@id\":\"https:\\\/\\\/www.groupesge.fr\\\/pro\\\/#organization\",\"name\":\"Groupe SGE PROS\",\"alternateName\":\"SGE PROS\",\"url\":\"https:\\\/\\\/www.groupesge.fr\\\/pro\\\/\",\"logo\":{\"@type\":\"ImageObject\",\"inLanguage\":\"fr-FR\",\"@id\":\"https:\\\/\\\/www.groupesge.fr\\\/pro\\\/#\\\/schema\\\/logo\\\/image\\\/\",\"url\":\"https:\\\/\\\/cddzmgvsoa.cloudimg.io\\\/www.groupesge.fr\\\/pro\\\/wp-content\\\/uploads\\\/sites\\\/4\\\/2023\\\/09\\\/Logo-SGE.svg\",\"contentUrl\":\"https:\\\/\\\/cddzmgvsoa.cloudimg.io\\\/www.groupesge.fr\\\/pro\\\/wp-content\\\/uploads\\\/sites\\\/4\\\/2023\\\/09\\\/Logo-SGE.svg\",\"width\":180,\"height\":91,\"caption\":\"Groupe SGE PROS\"},\"image\":{\"@id\":\"https:\\\/\\\/www.groupesge.fr\\\/pro\\\/#\\\/schema\\\/logo\\\/image\\\/\"},\"sameAs\":[\"https:\\\/\\\/www.facebook.com\\\/groupesge\",\"https:\\\/\\\/www.instagram.com\\\/groupesge\\\/\"]}]}<\/script>\n<!-- \/ Yoast SEO plugin. -->","yoast_head_json":{"title":"Locaux\/Entrep\u00f4ts | Programmes Groupe SGE","description":"Acc\u00e9dez \u00e0 des locaux\/entrep\u00f4ts neufs et entrep\u00f4ts bien situ\u00e9s en Nouvelle-Aquitaine. Id\u00e9al pour lancer ou d\u00e9velopper votre activit\u00e9.","robots":{"index":"index","follow":"follow","max-snippet":"max-snippet:-1","max-image-preview":"max-image-preview:large","max-video-preview":"max-video-preview:-1"},"canonical":"https:\/\/www.groupesge.fr\/pro\/nos-programmes\/locaux-professionnels\/realises\/","og_locale":"fr_FR","og_type":"article","og_title":"Locaux\/Entrep\u00f4ts | Programmes Groupe SGE","og_description":"Acc\u00e9dez \u00e0 des locaux\/entrep\u00f4ts neufs et entrep\u00f4ts bien situ\u00e9s en Nouvelle-Aquitaine. Id\u00e9al pour lancer ou d\u00e9velopper votre activit\u00e9.","og_url":"https:\/\/www.groupesge.fr\/pro\/nos-programmes\/locaux-professionnels\/realises\/","og_site_name":"SGE PROS","article_publisher":"https:\/\/www.facebook.com\/groupesge","article_modified_time":"2025-06-26T09:43:43+00:00","og_image":[{"width":1920,"height":519,"url":"https:\/\/cddzmgvsoa.cloudimg.io\/www.groupesge.fr\/pro\/wp-content\/uploads\/sites\/4\/2025\/06\/photo-site-bail-commercial-e1713968658870.png.jpg","type":"image\/jpeg"}],"twitter_card":"summary_large_image","twitter_misc":{"Dur\u00e9e de lecture estim\u00e9e":"2 minutes"},"schema":{"@context":"https:\/\/schema.org","@graph":[{"@type":"WebPage","@id":"https:\/\/www.groupesge.fr\/pro\/nos-programmes\/locaux-professionnels\/realises\/","url":"https:\/\/www.groupesge.fr\/pro\/nos-programmes\/locaux-professionnels\/realises\/","name":"Locaux\/Entrep\u00f4ts | Programmes Groupe SGE","isPartOf":{"@id":"https:\/\/www.groupesge.fr\/pro\/#website"},"primaryImageOfPage":{"@id":"https:\/\/www.groupesge.fr\/pro\/nos-programmes\/locaux-professionnels\/realises\/#primaryimage"},"image":{"@id":"https:\/\/www.groupesge.fr\/pro\/nos-programmes\/locaux-professionnels\/realises\/#primaryimage"},"thumbnailUrl":"https:\/\/www.groupesge.fr\/pro\/wp-content\/uploads\/sites\/4\/2025\/06\/photo-site-bail-commercial-e1713968658870.png.jpg","datePublished":"2024-01-16T11:35:34+00:00","dateModified":"2025-06-26T09:43:43+00:00","description":"Acc\u00e9dez \u00e0 des locaux\/entrep\u00f4ts neufs et entrep\u00f4ts bien situ\u00e9s en Nouvelle-Aquitaine. Id\u00e9al pour lancer ou d\u00e9velopper votre activit\u00e9.","breadcrumb":{"@id":"https:\/\/www.groupesge.fr\/pro\/nos-programmes\/locaux-professionnels\/realises\/#breadcrumb"},"inLanguage":"fr-FR","potentialAction":[{"@type":"ReadAction","target":["https:\/\/www.groupesge.fr\/pro\/nos-programmes\/locaux-professionnels\/realises\/"]}]},{"@type":"ImageObject","inLanguage":"fr-FR","@id":"https:\/\/www.groupesge.fr\/pro\/nos-programmes\/locaux-professionnels\/realises\/#primaryimage","url":"https:\/\/www.groupesge.fr\/pro\/wp-content\/uploads\/sites\/4\/2025\/06\/photo-site-bail-commercial-e1713968658870.png.jpg","contentUrl":"https:\/\/www.groupesge.fr\/pro\/wp-content\/uploads\/sites\/4\/2025\/06\/photo-site-bail-commercial-e1713968658870.png.jpg","width":1920,"height":519,"caption":"Locaux\/Entrep\u00f4t | Programmes Groupe SGE"},{"@type":"BreadcrumbList","@id":"https:\/\/www.groupesge.fr\/pro\/nos-programmes\/locaux-professionnels\/realises\/#breadcrumb","itemListElement":[{"@type":"ListItem","position":1,"name":"Accueil","item":"https:\/\/www.groupesge.fr\/pro\/"},{"@type":"ListItem","position":2,"name":"Tous les programmes","item":"https:\/\/www.groupesge.fr\/pro\/nos-programmes\/"},{"@type":"ListItem","position":3,"name":"Locaux professionnels","item":"https:\/\/www.groupesge.fr\/pro\/nos-programmes\/locaux-professionnels\/"},{"@type":"ListItem","position":4,"name":"R\u00e9alis\u00e9s"}]},{"@type":"WebSite","@id":"https:\/\/www.groupesge.fr\/pro\/#website","url":"https:\/\/www.groupesge.fr\/pro\/","name":"Groupe SGE PROS","description":"Trouvez un bien qui vous ressemble","publisher":{"@id":"https:\/\/www.groupesge.fr\/pro\/#organization"},"alternateName":"SGE PROS","potentialAction":[{"@type":"SearchAction","target":{"@type":"EntryPoint","urlTemplate":"https:\/\/www.groupesge.fr\/pro\/?s={search_term_string}"},"query-input":{"@type":"PropertyValueSpecification","valueRequired":true,"valueName":"search_term_string"}}],"inLanguage":"fr-FR"},{"@type":"Organization","@id":"https:\/\/www.groupesge.fr\/pro\/#organization","name":"Groupe SGE PROS","alternateName":"SGE PROS","url":"https:\/\/www.groupesge.fr\/pro\/","logo":{"@type":"ImageObject","inLanguage":"fr-FR","@id":"https:\/\/www.groupesge.fr\/pro\/#\/schema\/logo\/image\/","url":"https:\/\/cddzmgvsoa.cloudimg.io\/www.groupesge.fr\/pro\/wp-content\/uploads\/sites\/4\/2023\/09\/Logo-SGE.svg","contentUrl":"https:\/\/cddzmgvsoa.cloudimg.io\/www.groupesge.fr\/pro\/wp-content\/uploads\/sites\/4\/2023\/09\/Logo-SGE.svg","width":180,"height":91,"caption":"Groupe SGE PROS"},"image":{"@id":"https:\/\/www.groupesge.fr\/pro\/#\/schema\/logo\/image\/"},"sameAs":["https:\/\/www.facebook.com\/groupesge","https:\/\/www.instagram.com\/groupesge\/"]}]}},"_links":{"self":[{"href":"https:\/\/www.groupesge.fr\/pro\/wp-json\/wp\/v2\/pages\/21704","targetHints":{"allow":["GET"]}}],"collection":[{"href":"https:\/\/www.groupesge.fr\/pro\/wp-json\/wp\/v2\/pages"}],"about":[{"href":"https:\/\/www.groupesge.fr\/pro\/wp-json\/wp\/v2\/types\/page"}],"author":[{"embeddable":true,"href":"https:\/\/www.groupesge.fr\/pro\/wp-json\/wp\/v2\/users\/1"}],"replies":[{"embeddable":true,"href":"https:\/\/www.groupesge.fr\/pro\/wp-json\/wp\/v2\/comments?post=21704"}],"version-history":[{"count":8,"href":"https:\/\/www.groupesge.fr\/pro\/wp-json\/wp\/v2\/pages\/21704\/revisions"}],"predecessor-version":[{"id":21978,"href":"https:\/\/www.groupesge.fr\/pro\/wp-json\/wp\/v2\/pages\/21704\/revisions\/21978"}],"up":[{"embeddable":true,"href":"https:\/\/www.groupesge.fr\/pro\/wp-json\/wp\/v2\/pages\/21692"}],"wp:featuredmedia":[{"embeddable":true,"href":"https:\/\/www.groupesge.fr\/pro\/wp-json\/wp\/v2\/media\/21955"}],"wp:attachment":[{"href":"https:\/\/www.groupesge.fr\/pro\/wp-json\/wp\/v2\/media?parent=21704"}],"curies":[{"name":"wp","href":"https:\/\/api.w.org\/{rel}","templated":true}]}}